{"id":37,"date":"2022-08-11T13:19:12","date_gmt":"2022-08-11T13:19:12","guid":{"rendered":"http:\/\/cafetufvan.se\/?page_id=37"},"modified":"2022-08-11T13:19:12","modified_gmt":"2022-08-11T13:19:12","slug":"present-till-personalen","status":"publish","type":"page","link":"https:\/\/cafetufvan.se\/?page_id=37","title":{"rendered":"Present till personalen!"},"content":{"rendered":"\n<p>D\u00e5 vi ligger p\u00e5 Campus s\u00e5 har det nu har varit l\u00e5gs\u00e4song hos oss p\u00e5 Kaf\u00e9et s\u00e5 den dagliga verksamheten har haft andra sysslor f\u00f6r sig under sommaren.<\/p>\n\n\n\n<p>Innan sommaren s\u00e5 passade vi p\u00e5 att dela ut lite sommarpresenter till Lollo, Amira och de andra f\u00f6r att visa v\u00e5r uppskattning.<\/p>\n\n\n\n<p>Alla \u00e4r ju s\u00e5 olika och har \u00e4ven olika funktionshinder s\u00e5 man vill ju hitta n\u00e5got som passar f\u00f6r alla. Som tur var s\u00e5 hittade jag en j\u00e4ttebra site d\u00e4r det finns <strong><a href=\"https:\/\/g\u00e5vokort.net\/\">G\u00e5vokort <\/a><\/strong>med n\u00e5got f\u00f6r alla.<\/p>\n\n\n\n<h2>Mycket fint att v\u00e4lja p\u00e5<\/h2>\n\n\n\n<p>D\u00e4r kunde de v\u00e4lja mellan ett stort antal produkter, allt fr\u00e5n inredning till matlagning och digital media som ljudb\u00f6cker, filmer och tidningsprenumerationer. <\/p>\n\n\n\n<p>\u00c4ven tr\u00e4ningskl\u00e4der och utrustning &#8211; smycken och makeup.<\/p>\n\n\n\n<p>Sen var det bara att v\u00e4lja vilken sort och val\u00f6r som passade oss b\u00e4st. P\u00e5 G\u00e5vokort siten s\u00e5 finns det skr\u00e4ddarsydda f\u00e4rdiga G\u00e5vokort i olika val\u00f6rer och teman som tex sommar.<\/p>\n\n\n\n<p>Det tog inte alls l\u00e5ng tid att hitta G\u00e5vokort som passade perfekt.&nbsp; Sedan uppt\u00e4ckte jag att det blev ett mycket b\u00e4ttre pris ju fler G\u00e5vokort man k\u00f6per in!<\/p>\n\n\n\n<p>Det var ett n\u00f6ja att dela ut G\u00e5vokorten med vetskapen om att det kommer finnas n\u00e5got f\u00f6r alla.<\/p>\n\n\n\n<p>Det finns j\u00e4ttefina v\u00e4ltryckta kort som ser mycket lyxiga ut, men har man inte m\u00f6jlighet att dela ut &#8220;f\u00f6r hand&#8221; s\u00e5 kunde man \u00e4ven skicka hem direkt till den anst\u00e4lldes postl\u00e5da. <\/p>\n\n\n\n<p>Sj\u00e4lvklart kan man \u00e4ven skicka G\u00e5vokortet digitalt via mejl.<\/p>\n\n\n\n<p>Alla vart verkligen s\u00e5 glada och n\u00f6jda &#8211; vi kommer absolut anv\u00e4nda G\u00e5vokort siten \u00e4ven till Jul.<\/p>\n","protected":false},"excerpt":{"rendered":"<p>D\u00e5 vi ligger p\u00e5 Campus s\u00e5 har det nu har varit l\u00e5gs\u00e4song hos oss p\u00e5 Kaf\u00e9et s\u00e5 den dagliga verksamheten har haft andra sysslor f\u00f6r sig under sommaren. Innan sommaren s\u00e5 passade vi p\u00e5 att dela ut lite sommarpresenter till Lollo, Amira och de andra f\u00f6r att visa v\u00e5r uppskattning. Alla \u00e4r ju s\u00e5 olika [&hellip;]<\/p>\n","protected":false},"author":1,"featured_media":0,"parent":0,"menu_order":0,"comment_status":"closed","ping_status":"closed","template":"","meta":[],"_links":{"self":[{"href":"https:\/\/cafetufvan.se\/index.php?rest_route=\/wp\/v2\/pages\/37"}],"collection":[{"href":"https:\/\/cafetufvan.se\/index.php?rest_route=\/wp\/v2\/pages"}],"about":[{"href":"https:\/\/cafetufvan.se\/index.php?rest_route=\/wp\/v2\/types\/page"}],"author":[{"embeddable":true,"href":"https:\/\/cafetufvan.se\/index.php?rest_route=\/wp\/v2\/users\/1"}],"replies":[{"embeddable":true,"href":"https:\/\/cafetufvan.se\/index.php?rest_route=%2Fwp%2Fv2%2Fcomments&post=37"}],"version-history":[{"count":1,"href":"https:\/\/cafetufvan.se\/index.php?rest_route=\/wp\/v2\/pages\/37\/revisions"}],"predecessor-version":[{"id":38,"href":"https:\/\/cafetufvan.se\/index.php?rest_route=\/wp\/v2\/pages\/37\/revisions\/38"}],"wp:attachment":[{"href":"https:\/\/cafetufvan.se\/index.php?rest_route=%2Fwp%2Fv2%2Fmedia&parent=37"}],"curies":[{"name":"wp","href":"https:\/\/api.w.org\/{rel}","templated":true}]}}