{"id":15,"date":"2019-09-02T09:14:53","date_gmt":"2019-09-02T09:14:53","guid":{"rendered":"http:\/\/cafetufvan.se\/?page_id=15"},"modified":"2019-09-02T09:14:53","modified_gmt":"2019-09-02T09:14:53","slug":"att-jobba-pa-cafe-tufvan","status":"publish","type":"page","link":"https:\/\/cafetufvan.se\/?page_id=15","title":{"rendered":"Att jobba p\u00e5 cafe tufvan"},"content":{"rendered":"\n<h2>Caf\u00e9 Tufvan \u2013 En id\u00e9ell verksamhet<\/h2>\n\n\n\n<p>Caf\u00e9 Tufvan \u00e4r en ideell f\u00f6rening som under h\u00f6sten 2005 startade upp ett caf\u00e9 i Tufvanhuset p\u00e5 campus i V\u00e4xj\u00f6 och har drivit verksamheten d\u00e4r sedan dess. Vi \u00e4r en h\u00e5rt arbetande styrelse som har jobbat med allt ifr\u00e5n att riva v\u00e4ggar till att best\u00e4mma vilket kaffe som skall serveras, allt f\u00f6r att du som student vid V\u00e4xj\u00f6 universitet skall ha ett schysst och mysigt st\u00e4lle att fika p\u00e5.<\/p>\n\n\n\n<p>F\u00f6rutom v\u00e5r styrelse s\u00e5 sker driften av caf\u00e9et med hj\u00e4lp av ideellt arbetande studenter. Detta ger oss den v\u00e4ldigt fina m\u00f6jligheten att ut\u00f6ver v\u00e5r trevliga milj\u00f6 ocks\u00e5 kunna erbjuda fika till ett studentpris eftersom vi inte har n\u00e5gra personalkostnader.<\/p>\n\n\n\n<h2>Engagemang p\u00e5 flera niv\u00e5er<\/h2>\n\n\n\n<p>Du kan sj\u00e4lv v\u00e4lja hur mycket du vill engagera dig i Caf\u00e9 Tufvan. Om du gillar styrelsearbete och vill vara med och best\u00e4mma hur verksamheten skall bedrivas finns det plats i styrelsen. Om du k\u00e4nner att andra plikter tynger dig, men \u00e4nd\u00e5 vill dra ditt str\u00e5 till stacken (eller bara f\u00e5 gratis mat) s\u00e5 kan du skriva upp dig som jobbare. Som jobbare binder du inte upp dig f\u00f6r mer arbete \u00e4n du vill och om du bara vill jobba en g\u00e5ng f\u00f6r att prova p\u00e5 s\u00e5 \u00e4r det helt OK.<\/p>\n\n\n\n<p><strong>Niv\u00e5 1<\/strong>&nbsp;&nbsp;&nbsp; Jobbare \u2013 du jobbar med alla uppgifter som f\u00f6rekommer p\u00e5 caf\u00e9et. Som tack f\u00e5r du en gratis m\u00e5ltid n\u00e4r du jobbar och gratis te eller kaffe under passet. Dessutom f\u00e5r du en rabattkupong p\u00e5 50 % som du kan anv\u00e4nda vid n\u00e4sta k\u00f6p i caf\u00e9et. Som jobbar b\u00f6rjar du jobba klockan 16.00 och jobbar fram till ca en timme efter st\u00e4ngning.&nbsp;Det finns inga krav p\u00e5 hur m\u00e5nga g\u00e5nger du jobbar, utan du best\u00e4mmer sj\u00e4lv n\u00e4r du har tid och vill jobba. Men n\u00e4r du jobbat tre g\u00e5nger s\u00e5 blir du medlem i Caf\u00e9 Tufvan ideell f\u00f6rening och f\u00e5r billigare kaffe\/te och spelar gratis biljard 1 timme\/tillf\u00e4lle.<\/p>\n\n\n\n<p><strong>Niv\u00e5 2&nbsp;<\/strong>&nbsp;&nbsp; Arbetsledare \u2013 ansvarig f\u00f6r att leda arbetet under kv\u00e4llen och du har \u00e4ven ansvar&nbsp;f\u00f6r kassan. Ev uppl\u00e4rning av nya jobbare ing\u00e5r.&nbsp;Som arbetsledare b\u00f6rjar du jobba 15.30 och jobbar fram till st\u00e4dningen \u00e4r f\u00e4rdig och kassan \u00e4r r\u00e4knad, ca en till tv\u00e5 timmar efter st\u00e4ngning. &nbsp; &nbsp; &nbsp;&nbsp;Som tack f\u00f6r detta f\u00e5r man \u00e4ven h\u00e4r en grats m\u00e5ltid under passet och te eller kaffe, men du har dessutom&nbsp;alltid gratis te eller kaffe under hela terminen och inte bara under dina pass. Du f\u00e5r ocks\u00e5 alltid 25% rabatt p\u00e5 alla k\u00f6p du g\u00f6r i caf\u00e9et. Som arbetsledare ska du jobba minst en g\u00e5ng i m\u00e5naden.<\/p>\n\n\n\n<p><strong>Niv\u00e5 3<\/strong>&nbsp;&nbsp;&nbsp; Styrelsemedlem \u2013 Som styrelsemedlem f\u00e5r du vara med och best\u00e4mma \u00f6ver verksamheten. Du kan f\u00e5 ansvar f\u00f6r en s\u00e4rskild del som du sj\u00e4lv \u00e4r mer intressera av. Det kr\u00e4vs f\u00f6rst\u00e5s lite mer tid som styrelsemedlem. Du \u00e4r \u00e4ven delaktig som arbetsledare p\u00e5 kv\u00e4llar och helger.&nbsp;Som tack f\u00f6r att du \u00e4r styrelsemedlem har du samma f\u00f6rm\u00e5ner som arbetsledarna, men du f\u00e5r ocks\u00e5 vara med och planera och genomf\u00f6ra en styrelseresa.<\/p>\n\n\n\n<p>N\u00e4r du kommer till ditt arbetspass f\u00e5r du t-shirt och f\u00f6rkl\u00e4de att jobba i.<\/p>\n\n\n\n<p>Alla, oavsett niv\u00e5, blir automatiskt medlem i Caf\u00e9 Tufvan f\u00f6rening n\u00e4r du jobbat tre g\u00e5nger&nbsp;och f\u00e5r delta i de medlemsarrangemang som genomf\u00f6rs.<\/p>\n","protected":false},"excerpt":{"rendered":"<p>Caf\u00e9 Tufvan \u2013 En id\u00e9ell verksamhet Caf\u00e9 Tufvan \u00e4r en ideell f\u00f6rening som under h\u00f6sten 2005 startade upp ett caf\u00e9 i Tufvanhuset p\u00e5 campus i V\u00e4xj\u00f6 och har drivit verksamheten d\u00e4r sedan dess. Vi \u00e4r en h\u00e5rt arbetande styrelse som har jobbat med allt ifr\u00e5n att riva v\u00e4ggar till att best\u00e4mma vilket kaffe som skall [&hellip;]<\/p>\n","protected":false},"author":1,"featured_media":0,"parent":0,"menu_order":0,"comment_status":"closed","ping_status":"closed","template":"","meta":[],"_links":{"self":[{"href":"https:\/\/cafetufvan.se\/index.php?rest_route=\/wp\/v2\/pages\/15"}],"collection":[{"href":"https:\/\/cafetufvan.se\/index.php?rest_route=\/wp\/v2\/pages"}],"about":[{"href":"https:\/\/cafetufvan.se\/index.php?rest_route=\/wp\/v2\/types\/page"}],"author":[{"embeddable":true,"href":"https:\/\/cafetufvan.se\/index.php?rest_route=\/wp\/v2\/users\/1"}],"replies":[{"embeddable":true,"href":"https:\/\/cafetufvan.se\/index.php?rest_route=%2Fwp%2Fv2%2Fcomments&post=15"}],"version-history":[{"count":1,"href":"https:\/\/cafetufvan.se\/index.php?rest_route=\/wp\/v2\/pages\/15\/revisions"}],"predecessor-version":[{"id":16,"href":"https:\/\/cafetufvan.se\/index.php?rest_route=\/wp\/v2\/pages\/15\/revisions\/16"}],"wp:attachment":[{"href":"https:\/\/cafetufvan.se\/index.php?rest_route=%2Fwp%2Fv2%2Fmedia&parent=15"}],"curies":[{"name":"wp","href":"https:\/\/api.w.org\/{rel}","templated":true}]}}