{"id":13,"date":"2019-09-02T09:13:41","date_gmt":"2019-09-02T09:13:41","guid":{"rendered":"http:\/\/cafetufvan.se\/?page_id=13"},"modified":"2019-09-02T09:13:41","modified_gmt":"2019-09-02T09:13:41","slug":"konferens","status":"publish","type":"page","link":"https:\/\/cafetufvan.se\/?page_id=13","title":{"rendered":"Konferens"},"content":{"rendered":"\n<p>P\u00e5 Caf\u00e9 Tufvan finns tv\u00e5 fina konferenslokalen f\u00f6r uthyrning.<\/p>\n\n\n\n<p>Priser&nbsp; &nbsp;&nbsp;&nbsp;&nbsp;&nbsp;&nbsp;&nbsp;&nbsp;&nbsp;&nbsp;&nbsp;&nbsp;&nbsp; &nbsp;&nbsp;&nbsp;&nbsp;&nbsp;&nbsp;&nbsp;&nbsp;&nbsp;&nbsp;&nbsp;&nbsp;&nbsp; heldag&nbsp;&nbsp;&nbsp;&nbsp;&nbsp;&nbsp;&nbsp;&nbsp;&nbsp;&nbsp;&nbsp;&nbsp;&nbsp; &nbsp;&nbsp;&nbsp;&nbsp;&nbsp;&nbsp;&nbsp;&nbsp;&nbsp;&nbsp;&nbsp;&nbsp;&nbsp; halvdag<\/p>\n\n\n\n<p>1-5 personer: &nbsp; &nbsp; &nbsp; &nbsp; &nbsp; &nbsp; &nbsp; &nbsp;300 kr\/person &nbsp; &nbsp; &nbsp; &nbsp; &nbsp; &nbsp; &nbsp; 260 kr\/person<\/p>\n\n\n\n<p>6-10 personer: &nbsp; &nbsp; &nbsp; &nbsp; &nbsp; &nbsp; &nbsp;280 kr\/person &nbsp; &nbsp; &nbsp; &nbsp; &nbsp; &nbsp; &nbsp; 240 kr\/person<\/p>\n\n\n\n<p>11-15 personer: &nbsp; &nbsp; &nbsp; &nbsp; &nbsp; &nbsp;260 kr\/person &nbsp; &nbsp; &nbsp; &nbsp; &nbsp; &nbsp; &nbsp; 220 kr\/person<\/p>\n\n\n\n<p>Endast lokal: &nbsp; &nbsp; &nbsp; &nbsp; &nbsp; &nbsp; &nbsp; &nbsp; &nbsp;900 kr &nbsp; &nbsp; &nbsp; &nbsp; &nbsp; &nbsp; &nbsp; &nbsp; &nbsp; &nbsp; &nbsp; &nbsp; &nbsp; &nbsp; 700 kr<\/p>\n\n\n\n<p>Heldag: lokal, frukost, lunch, eftermiddagsfika samt godis och frukt.<\/p>\n\n\n\n<p>Halvdag: lokal, frukost eller eftermiddagsfika samt lunch samt godis och frukt.<\/p>\n\n\n\n<p>Styckpriser ges vid f\u00f6rfr\u00e5gan.<\/p>\n\n\n\n<p>Studentf\u00f6reningar som \u00e4r godk\u00e4nda av studentk\u00e5ren Linn\u00e9studenterna l\u00e5nar Tegn\u00e9rrummet gratis 2 timmar\/tillf\u00e4lle och betalar d\u00e4refter 120:-\/timme<\/p>\n","protected":false},"excerpt":{"rendered":"<p>P\u00e5 Caf\u00e9 Tufvan finns tv\u00e5 fina konferenslokalen f\u00f6r uthyrning. Priser&nbsp; &nbsp;&nbsp;&nbsp;&nbsp;&nbsp;&nbsp;&nbsp;&nbsp;&nbsp;&nbsp;&nbsp;&nbsp;&nbsp; &nbsp;&nbsp;&nbsp;&nbsp;&nbsp;&nbsp;&nbsp;&nbsp;&nbsp;&nbsp;&nbsp;&nbsp;&nbsp; heldag&nbsp;&nbsp;&nbsp;&nbsp;&nbsp;&nbsp;&nbsp;&nbsp;&nbsp;&nbsp;&nbsp;&nbsp;&nbsp; &nbsp;&nbsp;&nbsp;&nbsp;&nbsp;&nbsp;&nbsp;&nbsp;&nbsp;&nbsp;&nbsp;&nbsp;&nbsp; halvdag 1-5 personer: &nbsp; &nbsp; &nbsp; &nbsp; &nbsp; &nbsp; &nbsp; &nbsp;300 kr\/person &nbsp; &nbsp; &nbsp; &nbsp; &nbsp; &nbsp; &nbsp; 260 kr\/person 6-10 personer: &nbsp; &nbsp; &nbsp; &nbsp; &nbsp; &nbsp; &nbsp;280 kr\/person &nbsp; &nbsp; &nbsp; &nbsp; &nbsp; &nbsp; &nbsp; 240 kr\/person 11-15 [&hellip;]<\/p>\n","protected":false},"author":1,"featured_media":0,"parent":0,"menu_order":0,"comment_status":"closed","ping_status":"closed","template":"","meta":[],"_links":{"self":[{"href":"https:\/\/cafetufvan.se\/index.php?rest_route=\/wp\/v2\/pages\/13"}],"collection":[{"href":"https:\/\/cafetufvan.se\/index.php?rest_route=\/wp\/v2\/pages"}],"about":[{"href":"https:\/\/cafetufvan.se\/index.php?rest_route=\/wp\/v2\/types\/page"}],"author":[{"embeddable":true,"href":"https:\/\/cafetufvan.se\/index.php?rest_route=\/wp\/v2\/users\/1"}],"replies":[{"embeddable":true,"href":"https:\/\/cafetufvan.se\/index.php?rest_route=%2Fwp%2Fv2%2Fcomments&post=13"}],"version-history":[{"count":1,"href":"https:\/\/cafetufvan.se\/index.php?rest_route=\/wp\/v2\/pages\/13\/revisions"}],"predecessor-version":[{"id":14,"href":"https:\/\/cafetufvan.se\/index.php?rest_route=\/wp\/v2\/pages\/13\/revisions\/14"}],"wp:attachment":[{"href":"https:\/\/cafetufvan.se\/index.php?rest_route=%2Fwp%2Fv2%2Fmedia&parent=13"}],"curies":[{"name":"wp","href":"https:\/\/api.w.org\/{rel}","templated":true}]}}