{"id":11,"date":"2019-09-02T09:12:36","date_gmt":"2019-09-02T09:12:36","guid":{"rendered":"http:\/\/cafetufvan.se\/?page_id=11"},"modified":"2021-09-28T09:07:32","modified_gmt":"2021-09-28T09:07:32","slug":"studentforeningar","status":"publish","type":"page","link":"https:\/\/cafetufvan.se\/?page_id=11","title":{"rendered":"Studentf\u00f6reningar"},"content":{"rendered":"\n<p>Caf\u00e9 Tufvan finns f\u00f6r studenterna!<\/p>\n\n\n\n<p>V\u00e5ra lokaler \u00e4r till f\u00f6r att anv\u00e4ndas av studenter likav\u00e4l som icke-studenter. Studentf\u00f6reningar hyr konferenslokaler gratis f\u00f6r de tv\u00e5 f\u00f6rsta timmarna per bokade tillf\u00e4lle, d\u00e4refter kostar det 120 kronor i timmen. Vill ni k\u00f6pa fika till era m\u00f6ten? D\u00e5 f\u00e5r ni kaffe\/te samt kaka eller sm\u00f6rg\u00e5s f\u00f6r 30 kronor per person.<\/p>\n\n\n\n<p>Har ni n\u00e5gra fr\u00e5gor kring v\u00e5ra priser och erbjudanden f\u00f6r studenter och studentf\u00f6reningar? Tveka inte att h\u00f6ra av er!<\/p>\n\n\n\n<p>Ni kan \u00e4ven k\u00f6pa studentplakat av oss via <strong><a href=\"https:\/\/studentskyltar.se\/\">studentskyltar.se<\/a><\/strong> med 5% rabatt! <\/p>\n\n\n\n<p>Ange kod &#8220;Cafetufvan&#8221; n\u00e4r ni handlar, g\u00e4ller till och med 30\/9-2021!<\/p>\n\n\n\n<p>Perfekt f\u00f6r er som ska ta studenten och vill fira med en snygg skylt!<\/p>\n","protected":false},"excerpt":{"rendered":"<p>Caf\u00e9 Tufvan finns f\u00f6r studenterna! V\u00e5ra lokaler \u00e4r till f\u00f6r att anv\u00e4ndas av studenter likav\u00e4l som icke-studenter. Studentf\u00f6reningar hyr konferenslokaler gratis f\u00f6r de tv\u00e5 f\u00f6rsta timmarna per bokade tillf\u00e4lle, d\u00e4refter kostar det 120 kronor i timmen. Vill ni k\u00f6pa fika till era m\u00f6ten? D\u00e5 f\u00e5r ni kaffe\/te samt kaka eller sm\u00f6rg\u00e5s f\u00f6r 30 kronor per [&hellip;]<\/p>\n","protected":false},"author":1,"featured_media":0,"parent":0,"menu_order":0,"comment_status":"closed","ping_status":"closed","template":"","meta":[],"_links":{"self":[{"href":"https:\/\/cafetufvan.se\/index.php?rest_route=\/wp\/v2\/pages\/11"}],"collection":[{"href":"https:\/\/cafetufvan.se\/index.php?rest_route=\/wp\/v2\/pages"}],"about":[{"href":"https:\/\/cafetufvan.se\/index.php?rest_route=\/wp\/v2\/types\/page"}],"author":[{"embeddable":true,"href":"https:\/\/cafetufvan.se\/index.php?rest_route=\/wp\/v2\/users\/1"}],"replies":[{"embeddable":true,"href":"https:\/\/cafetufvan.se\/index.php?rest_route=%2Fwp%2Fv2%2Fcomments&post=11"}],"version-history":[{"count":3,"href":"https:\/\/cafetufvan.se\/index.php?rest_route=\/wp\/v2\/pages\/11\/revisions"}],"predecessor-version":[{"id":34,"href":"https:\/\/cafetufvan.se\/index.php?rest_route=\/wp\/v2\/pages\/11\/revisions\/34"}],"wp:attachment":[{"href":"https:\/\/cafetufvan.se\/index.php?rest_route=%2Fwp%2Fv2%2Fmedia&parent=11"}],"curies":[{"name":"wp","href":"https:\/\/api.w.org\/{rel}","templated":true}]}}